{"id":9871,"date":"2019-02-18T13:04:16","date_gmt":"2019-02-18T11:04:16","guid":{"rendered":"https:\/\/caminodigital.org\/legal-notice\/"},"modified":"2023-06-22T20:44:05","modified_gmt":"2023-06-22T18:44:05","slug":"legal-notice","status":"publish","type":"page","link":"https:\/\/caminodigital.org\/en\/legal-notice\/","title":{"rendered":"Legal Notice"},"content":{"rendered":"\t\t<div data-elementor-type=\"wp-post\" data-elementor-id=\"9871\" class=\"elementor elementor-9871 elementor-84\">\n\t\t\t\t\t\t<div class=\"elementor-inner\">\n\t\t\t\t<div class=\"elementor-section-wrap\">\n\t\t\t\t\t\t\t\t\t<section class=\"elementor-section elementor-top-section elementor-element elementor-element-3830ef15 elementor-section-boxed elementor-section-height-default elementor-section-height-default sc_fly_static\" data-id=\"3830ef15\" data-element_type=\"section\" data-settings=\"{&quot;background_background&quot;:&quot;classic&quot;}\">\n\t\t\t\t\t\t<div class=\"elementor-container elementor-column-gap-extended\">\n\t\t\t\t\t\t\t<div class=\"elementor-row\">\n\t\t\t\t\t<div class=\"elementor-column elementor-col-100 elementor-top-column elementor-element elementor-element-426bdf66 sc_inner_width_none sc_content_align_inherit sc_layouts_column_icons_position_left sc_fly_static\" data-id=\"426bdf66\" data-element_type=\"column\">\n\t\t\t<div class=\"elementor-column-wrap elementor-element-populated\">\n\t\t\t\t\t\t\t<div class=\"elementor-widget-wrap\">\n\t\t\t\t\t\t<div class=\"elementor-element elementor-element-fd3a19e sc_fly_static elementor-widget elementor-widget-spacer\" data-id=\"fd3a19e\" data-element_type=\"widget\" data-widget_type=\"spacer.default\">\n\t\t\t\t<div class=\"elementor-widget-container\">\n\t\t\t\t\t<div class=\"elementor-spacer\">\n\t\t\t<div class=\"elementor-spacer-inner\"><\/div>\n\t\t<\/div>\n\t\t\t\t<\/div>\n\t\t\t\t<\/div>\n\t\t\t\t<div class=\"elementor-element elementor-element-a54edae sc_fly_static elementor-widget elementor-widget-text-editor\" data-id=\"a54edae\" data-element_type=\"widget\" data-widget_type=\"text-editor.default\">\n\t\t\t\t<div class=\"elementor-widget-container\">\n\t\t\t\t\t\t\t\t<div class=\"elementor-text-editor elementor-clearfix\">\n\t\t\t\t<ol>\n<li><strong> TITULARIDAD<\/strong><\/li>\n<\/ol>\n<p>El sitio web<a href=\"https:\/\/caminoaplicacion.es\/\"> https:\/\/caminodigital.org<\/a> (en adelante \u201cel Sitio Web\u201d) es titularidad de la Federaci\u00f3n Espa\u00f1ola de Asociaciones de Amigos del Camino de Santiago (FEAACS), con sede social en Ruavieja,3 Bajo, 26001 Logro\u00f1o, debidamente inscrita en el Registro Nacional de Asociaciones Grupo 1, Secci\u00f3n 2, N\u00famero Nacional 1525 de la Secretar\u00eda General T\u00e9cnica del Ministerio del Interior.<\/p>\n<ol start=\"2\">\n<li><strong> OBJETO<\/strong><\/li>\n<\/ol>\n<p>La FEAACS pone a disposici\u00f3n de los usuarios el presente documento con el fin cumplir con las obligaciones de la Ley 34\/2002, de Servicios de la Sociedad de la Informaci\u00f3n y del Comercio Electr\u00f3nico, e informarles sobre las Condiciones de Uso del Sitio web, las cuales se encuentran en el enlace \u201cCondiciones de Uso\u201d.<\/p>\n<p>Toda persona que acceda a este Sitio Web se compromete a conocer y cumplir lo dispuesto en el presente texto, as\u00ed como en los dem\u00e1s avisos legales y comerciales puestos a disposici\u00f3n por la FEAACS en los diferentes enlaces del Sitio Web. La FEAACS se reserva el derecho a modificar la informaci\u00f3n del Sitio Web, sin obligaci\u00f3n de preavisar a los usuarios de dichas obligaciones, entendi\u00e9ndose como suficiente la publicaci\u00f3n en este mismo Sitio Web.<\/p>\n<ol start=\"3\">\n<li><strong> USO DEL SITIO WEB<\/strong><\/li>\n<\/ol>\n<p><strong>3.1 USO DE LA WEB<\/strong><\/p>\n<p>El Cliente se compromete a hacer uso de esta p\u00e1gina web \u00fanicamente para realizar consultas o pedidos legalmente v\u00e1lidos y a no realizar ning\u00fan pedido falso o fraudulento. De lo contrario, la FEAACS estar\u00e1 autorizada a anularlo e informar a las autoridades pertinentes.<\/p>\n<p>El Usuario no debe realizar ning\u00fan uso prohibido de este Sitio Web, entendiendo con esto, entre otros, introducci\u00f3n intencionada de virus, troyanos o cualquier otro material tecnol\u00f3gicamente da\u00f1ino.<\/p>\n<p>La FEAACS no ser\u00e1 responsable de cualquier da\u00f1o o p\u00e9rdida que afecte a su ordenador como consecuencia de las acciones anteriores, o del uso de esta p\u00e1gina web o de la descarga de contenidos de la misma o a los que la misma redireccione.<\/p>\n<p><strong>3.2 LINKS A OTRAS P\u00c1GINAS WEB<\/strong><\/p>\n<p>Nuestra web puede contener enlaces a otras p\u00e1ginas web, redes sociales y materiales de terceros. Estos enlaces se proporcionan a efectos informativos meramente y la FEAACS no tiene el control sobre el contenido de dichas p\u00e1ginas web o materiales. En consecuencia, la FEAACS no se har\u00e1 responsable por los da\u00f1os o p\u00e9rdidas derivados del uso de esos enlaces o material de terceros.<\/p>\n<p><strong>3.3 PROPIEDAD INTELECTUAL E INDUSTRIAL<\/strong><\/p>\n<p>El Sitio Web pertenece a la FEAACS y en consecuencia queda totalmente prohibido su uso sin nuestra previa autorizaci\u00f3n expresa y por escrito.<\/p>\n<p>Los derechos de propiedad intelectual e industrial sobre los contenidos del Sitio Web (incluyendo los dise\u00f1os, textos, im\u00e1genes, tipograf\u00edas, gr\u00e1ficos, iconos, fotograf\u00edas y otros contenidos audiovisuales o sonoros, as\u00ed como el derecho sui generis sobre la base de datos), su dise\u00f1o gr\u00e1fico (look&amp;feel), los signos distintivos (marcas y nombres comerciales), los programas de ordenador subyacentes (incluidos los c\u00f3digos fuente), as\u00ed como los distintos elementos que integran el Sitio Web corresponden a la FEAACS y s\u00f3lo la FEAACS dispone del derecho de uso y explotaci\u00f3n de los mismos, y en tal sentido constituyen obras protegidas por la legislaci\u00f3n de propiedad intelectual e industrial vigente, tanto nacional como de otras jurisdicciones.<\/p>\n<p>El uso del Sitio Web por el Usuario no supone de ninguna manera la cesi\u00f3n de derechos de propiedad intelectual y\/o industrial sobre el mismo, sus contenidos y\/o los signos distintivos. A tal efecto, mediante el presente Aviso Legal, y salvo en aquellos supuestos en los que est\u00e9 legalmente permitido, queda expresamente prohibido al Usuario la reproducci\u00f3n, transformaci\u00f3n, distribuci\u00f3n, comunicaci\u00f3n p\u00fablica, puesta a disposici\u00f3n, extracci\u00f3n y\/o reutilizaci\u00f3n de todo o parte del contenido del Sitio Web.<\/p>\n<p>Queda totalmente prohibido copiar y modificar de forma total o parcial los dise\u00f1os, textos, im\u00e1genes, tipograf\u00edas, gr\u00e1ficos, iconos, marca y otros contenidos visuales o textuales. En este sentido, el contenido del Sitio Web no podr\u00e1 ser utilizado ni reproducido ni total ni parcialmente en ninguna aplicaci\u00f3n o p\u00e1gina web, no podr\u00e1 ser estampado en ning\u00fan producto f\u00edsico ni tampoco podr\u00e1 ser copiado, reproducido, modificado, utilizado o distribuido con fines comerciales. Igualmente, queda expresamente prohibida la reproducci\u00f3n total o parcial de este Sitio Web mediante un hiperenlace sin la previa autorizaci\u00f3n expresa y por escrito de la FEAACS<\/p>\n<p>la FEAACS se reserva el derecho de ejercitar las acciones civiles o penales que correspondan contra los usuarios que vulneren sus derechos de propiedad industrial o intelectual.<\/p>\n<p><strong>3.4 POL\u00cdTICA DE PRIVACIDAD<\/strong><\/p>\n<p>Seg\u00fan lo establecido en el Reglamento General de Protecci\u00f3n de Datos (Reglamento (UE) 2016\/679), le proporcionamos la Informaci\u00f3n Detallada de Protecci\u00f3n de Datos que se expone a continuaci\u00f3n:<\/p>\n<p><strong>Who we are<\/strong><\/p>\n<p>El Sitio Web y el dominio son propiedad de la FEAACS una empresa dedicada a la publicaci\u00f3n de la Revista Peregrino y venta de libros jacobeos, con sede en Logro\u00f1o.<\/p>\n<p><strong>Responsable de los datos<\/strong><\/p>\n<ul>\n<li> Federaci\u00f3n Espa\u00f1ola de Asociaciones de Amigos del Camino de Santiago<\/li>\n<li> C.I.F.: 26191866<\/li>\n<li> Direcci\u00f3n: Ruavieja, 2 Bajo 26001 Logro\u00f1o (La Rioja)- Espa\u00f1a<\/li>\n<li> Tel\u00e9fono: +34 941 245 674<\/li>\n<li> Correo Electr\u00f3nico: adminstracion@caminosantiago.org<\/li>\n<\/ul>\n<p><strong>Finalidad<\/strong><\/p>\n<p>Le informamos que los Datos de Car\u00e1cter Personal recogidos ser\u00e1n incorporados a un Fichero bajo nuestra responsabilidad, con la finalidad de gestionar el env\u00edo de la informaci\u00f3n que nos soliciten y facilitar a los interesados ofertas de productos y servicios de su inter\u00e9s (as\u00ed como realizar la facturaci\u00f3n de los productos adquiridos en nuestra P\u00e1gina Web). Los datos proporcionados se conservar\u00e1n mientras se mantenga la relaci\u00f3n comercial, durante los a\u00f1os necesarios para cumplir con las obligaciones legales o se solicite su supresi\u00f3n por el interesado.<\/p>\n<p><strong>Legitimaci\u00f3n y consentimiento<\/strong><\/p>\n<p>Los Datos de Car\u00e1cter Personal obtenidos en esta P\u00e1gina Web, as\u00ed como la oferta de productos y servicios ofrecidos, est\u00e1n basados en el consentimiento que se solicita al interesado.<\/p>\n<p>El interesado tendr\u00e1 derecho a retirar dicho consentimiento en cualquier momento. Todas nuestras comunicaciones incluyen enlaces espec\u00edficamente habilitados para que el usuario pueda darse f\u00e1cilmente de baja de las mismas. La retirada del consentimiento no afectar\u00e1 a la licitud del tratamiento basada en el consentimiento previo a su retirada.<\/p>\n<p><strong>Seguridad y contrase\u00f1a<\/strong><\/p>\n<p>En la FEAACS adoptamos las medidas necesarias a nuestro alcance para proteger sus datos. Sin embargo, hay aspectos cuya responsabilidad recae en el usuario, como proteger la contrase\u00f1a de acceso a su cuenta. En el proceso de registro como Usuario, podr\u00e1 elegir su contrase\u00f1a. Como Usuario, es usted responsable de mantener la confidencialidad de la misma. la FEAACS no ser\u00e1 responsable por los da\u00f1os o p\u00e9rdidas que se pudieran originar debido al no cumplimiento de esta obligaci\u00f3n por su parte.<\/p>\n<p><strong>Destinatarios<\/strong><\/p>\n<p>No se ceder\u00e1n datos a terceros, salvo obligaci\u00f3n legal.<\/p>\n<p><strong>Derechos<\/strong><\/p>\n<p>Usted como interesado directo, tiene derecho a obtener confirmaci\u00f3n sobre si en la FEAACS estamos tratando datos personales que le conciernen, o no. Usted tiene derecho a acceder a sus datos personales, as\u00ed como a solicitar la rectificaci\u00f3n de los datos inexactos o, en su caso, solicitar su supresi\u00f3n cuando, entre otros motivos, los datos ya no sean necesarios para los fines que fueron recogidos.<\/p>\n<p>En determinadas circunstancias, usted podr\u00e1 solicitar la limitaci\u00f3n del tratamiento de sus datos, en cuyo caso \u00fanicamente los conservaremos para el ejercicio o la defensa de reclamaciones.<\/p>\n<p>En determinadas circunstancias y por motivos relacionados con su situaci\u00f3n particular, usted podr\u00e1 oponerse al tratamiento de sus datos. La FEAACS dejar\u00e1 de tratar los datos, salvo por motivos leg\u00edtimos imperiosos, o el ejercicio o la defensa de posibles reclamaciones.<\/p>\n<p>En determinadas circunstancias, usted tendr\u00e1 derecho a recibir los datos personales que le incumban y que nos haya facilitado, y transmitirlos o solicitar que se los proporcionemos a un tercero sin objeci\u00f3n por nuestra parte (derecho a la portabilidad de datos).<\/p>\n<p>En determinadas circunstancias, le informamos que tendr\u00e1 derecho a no ser objeto de una decisi\u00f3n basada \u00fanicamente en el tratamiento automatizado, incluida la elaboraci\u00f3n de perfiles, que produzca efectos jur\u00eddicos sobre usted o le afecte significativamente de modo similar.<\/p>\n<p>Igualmente le informamos de que tiene derecho a presentar una reclamaci\u00f3n en la Agencia Espa\u00f1ola de Protecci\u00f3n de Datos (www.agpd.es). En todo caso, por nuestro fuerte compromiso con la privacidad, le invitamos a que se dirija directamente a nosotros para solucionar cualquier cuesti\u00f3n relacionada con sus datos personales; estaremos encantados de poder ayudarle.<\/p>\n<p>La nueva pol\u00edtica de privacidad ser\u00e1 efectiva desde el momento de su publicaci\u00f3n. Si no acepta la misma, podr\u00e1 ejercitar cualquiera de sus derechos o dejar de utilizar nuestro servicio. Si contin\u00faa accediendo o utilizando nuestros servicios despu\u00e9s de la entrada en vigor de dichas modificaciones, acepta estar sujeto a las nuevas pol\u00edticas de privacidad.<\/p>\n<p>En ning\u00fan caso dichas modificaciones afectar\u00e1n a la elecci\u00f3n que hubiera formulado en lo que respecta al modo en que la FEAACS puede tratar sus datos personales. Si en alg\u00fan momento quisi\u00e9ramos utilizar sus datos de forma distinta a la establecida en el momento de la recogida, se lo notificaremos por correo electr\u00f3nico, solicitando tu consentimiento.<\/p>\n<p>Asimismo, la FEAACS se reserva el derecho a la rescisi\u00f3n de los servicios que presta en aquellos usuarios que no cumplan con los t\u00e9rminos y condiciones legales de uso, as\u00ed como con la legislaci\u00f3n vigente.<\/p>\n<p><strong>3.5 POL\u00cdTICA DE COOKIES<\/strong><\/p>\n<p>El acceso a este Sitio Web puede implicar la utilizaci\u00f3n de cookies.<\/p>\n<p>Las cookies son peque\u00f1as cantidades de informaci\u00f3n que se almacenan en el navegador utilizado por cada usuario para que el servidor recuerde cierta informaci\u00f3n que posteriormente \u00fanicamente el servidor que la implement\u00f3 leer\u00e1. Las cookies tienen, generalmente, una duraci\u00f3n limitada en el tiempo. Ninguna cookie de este Sitio Web permite que pueda contactarse con el n\u00famero de tel\u00e9fono del usuario, su direcci\u00f3n de correo electr\u00f3nico o con cualquier otro medio de contacto. Ninguna cookie de este Sitio Web puede extraer informaci\u00f3n del disco duro del usuario o robar informaci\u00f3n personal. La \u00fanica manera en este Sitio Web de que la informaci\u00f3n privada de un usuario forme parte del archivo cookie es que el usuario d\u00e9 personalmente esa informaci\u00f3n al servidor.<\/p>\n<p>El conjunto de \u201ccookies\u201d nos ayuda a mejorar la calidad de nuestra web, permiti\u00e9ndonos controlar qu\u00e9 p\u00e1ginas encuentran nuestros usuarios \u00fatiles y cu\u00e1les no. Las cookies son esenciales para el funcionamiento de internet, aportando innumerables ventajas en la prestaci\u00f3n de servicios interactivos, facilitando la navegaci\u00f3n y usabilidad de nuestra web. En cualquier caso, el usuario puede inhabilitar el uso de las cookies desde la configuraci\u00f3n de su navegador de internet o puede establecer ciertas pol\u00edticas que permitan activar un modo privado mediante el cual las cookies se borran siempre despu\u00e9s de su visita.<\/p>\n<ol start=\"4\">\n<li><strong> RESPONSABILIDAD<\/strong><\/li>\n<\/ol>\n<p>la FEAACS no se hace responsable de los retrasos en las entregas de los pedidos, o de la imposibilidad de realizarlos cuando la causa se deba a acontecimiento de fuerza mayor, y por ello, fuera de nuestro control. Entre otras causas, entendemos que existe fuerza mayor en los siguientes casos, pero sin limitaci\u00f3n: accidentes; huelgas; revueltas, amenazas o ataque terroristas; incendio o explosi\u00f3n; causas meteorol\u00f3gicas o desastres naturales tales como tormenta, inundaci\u00f3n, terremoto, hundimiento, epidemia; problemas ajenos a nosotros en los medios de transporte o sistemas de telecomunicaci\u00f3n. En la medida de lo posible, una vez terminada la causa de imposibilidad o retraso, la FEAACS har\u00e1 todo lo posible para reanudar sus actividades comerciales y poder cumplir con sus obligaciones y env\u00edos.<\/p>\n<ol start=\"5\">\n<li><strong> COMUNICACIONES COMERCIALES<\/strong><\/li>\n<\/ol>\n<p>En aplicaci\u00f3n del art\u00edculo 20 y siguientes de la Ley 34\/2002, de 11 de julio, de servicios de la sociedad de la informaci\u00f3n y de comercio electr\u00f3nico, la FEAACS no env\u00eda comunicaciones comerciales por correo electr\u00f3nico a no ser que tenga la autorizaci\u00f3n expresa del destinatario de las mismas. En todo caso, el usuario puede solicitar que no se env\u00eden informaciones comerciales escribi\u00e9ndonos a la direcci\u00f3n de correo electr\u00f3nico <u>administracion@caminosantiago.org<\/u>.<\/p>\n<ol start=\"6\">\n<li><strong> LEY APLICABLE Y JURISDICCI\u00d3N<\/strong><\/li>\n<\/ol>\n<p>Las presentes Condiciones se rigen e interpretan de acuerdo con la ley espa\u00f1ola.<\/p>\n<p>En el caso de que se produzca cualquier tipo de discrepancia o reclamaci\u00f3n entre las partes en relaci\u00f3n con el cumplimiento o el contenido de las presentes Condiciones, las partes acuerdan someter la decisi\u00f3n del asunto planteado a los Juzgados y Tribunales competentes de la ciudad de Logro\u00f1o.<\/p>\n<p>\u00daltima actualizaci\u00f3n: 11 de marzo de 20<\/p>\n\t\t\t\t\t<\/div>\n\t\t\t\t\t\t<\/div>\n\t\t\t\t<\/div>\n\t\t\t\t\t\t<\/div>\n\t\t\t\t\t<\/div>\n\t\t<\/div>\n\t\t\t\t\t\t\t\t<\/div>\n\t\t\t\t\t<\/div>\n\t\t<\/section>\n\t\t\t\t<section class=\"elementor-section elementor-top-section elementor-element elementor-element-0f4f767 elementor-section-boxed elementor-section-height-default elementor-section-height-default sc_fly_static\" data-id=\"0f4f767\" data-element_type=\"section\">\n\t\t\t\t\t\t<div class=\"elementor-container elementor-column-gap-extended\">\n\t\t\t\t\t\t\t<div class=\"elementor-row\">\n\t\t\t\t\t<div class=\"elementor-column elementor-col-100 elementor-top-column elementor-element elementor-element-16d9a00 sc_inner_width_none sc_content_align_inherit sc_layouts_column_icons_position_left sc_fly_static\" data-id=\"16d9a00\" data-element_type=\"column\">\n\t\t\t<div class=\"elementor-column-wrap elementor-element-populated\">\n\t\t\t\t\t\t\t<div class=\"elementor-widget-wrap\">\n\t\t\t\t\t\t<div class=\"elementor-element elementor-element-1b8c04a sc_fly_static elementor-widget elementor-widget-spacer\" data-id=\"1b8c04a\" data-element_type=\"widget\" data-widget_type=\"spacer.default\">\n\t\t\t\t<div class=\"elementor-widget-container\">\n\t\t\t\t\t<div class=\"elementor-spacer\">\n\t\t\t<div class=\"elementor-spacer-inner\"><\/div>\n\t\t<\/div>\n\t\t\t\t<\/div>\n\t\t\t\t<\/div>\n\t\t\t\t\t\t<\/div>\n\t\t\t\t\t<\/div>\n\t\t<\/div>\n\t\t\t\t\t\t\t\t<\/div>\n\t\t\t\t\t<\/div>\n\t\t<\/section>\n\t\t\t\t\t\t\t\t\t<\/div>\n\t\t\t<\/div>\n\t\t\t\t\t<\/div>\n\t\t","protected":false},"excerpt":{"rendered":"<p>TITULARIDAD El sitio web https:\/\/caminodigital.org (en adelante \u201cel Sitio Web\u201d) es titularidad de la Federaci\u00f3n Espa\u00f1ola de Asociaciones de Amigos del Camino de Santiago (FEAACS), con sede social en Ruavieja,3 Bajo, 26001 Logro\u00f1o, debidamente inscrita en el Registro Nacional de&hellip;<\/p>\n","protected":false},"author":1,"featured_media":0,"parent":0,"menu_order":0,"comment_status":"closed","ping_status":"closed","template":"","meta":{"footnotes":""},"class_list":["post-9871","page","type-page","status-publish","hentry"],"acf":[],"_links":{"self":[{"href":"https:\/\/caminodigital.org\/en\/wp-json\/wp\/v2\/pages\/9871","targetHints":{"allow":["GET"]}}],"collection":[{"href":"https:\/\/caminodigital.org\/en\/wp-json\/wp\/v2\/pages"}],"about":[{"href":"https:\/\/caminodigital.org\/en\/wp-json\/wp\/v2\/types\/page"}],"author":[{"embeddable":true,"href":"https:\/\/caminodigital.org\/en\/wp-json\/wp\/v2\/users\/1"}],"replies":[{"embeddable":true,"href":"https:\/\/caminodigital.org\/en\/wp-json\/wp\/v2\/comments?post=9871"}],"version-history":[{"count":2,"href":"https:\/\/caminodigital.org\/en\/wp-json\/wp\/v2\/pages\/9871\/revisions"}],"predecessor-version":[{"id":9874,"href":"https:\/\/caminodigital.org\/en\/wp-json\/wp\/v2\/pages\/9871\/revisions\/9874"}],"wp:attachment":[{"href":"https:\/\/caminodigital.org\/en\/wp-json\/wp\/v2\/media?parent=9871"}],"curies":[{"name":"wp","href":"https:\/\/api.w.org\/{rel}","templated":true}]}}