{"id":4678,"date":"2023-03-27T22:20:04","date_gmt":"2023-03-27T22:20:04","guid":{"rendered":"https:\/\/caminodigital.org\/?post_type=product&#038;p=4678"},"modified":"2025-06-01T20:59:56","modified_gmt":"2025-06-01T18:59:56","slug":"la-genesis-del-renacimiento-jacobeo-contemporaneo","status":"publish","type":"product","link":"https:\/\/caminodigital.org\/en\/producto\/la-genesis-del-renacimiento-jacobeo-contemporaneo\/","title":{"rendered":"La G\u00e9nesis del Renacimiento Jacobeo Contempor\u00e1neo"},"content":{"rendered":"<p>156 p\u00e1ginas<br \/>\n17&#215;23,5 cm<br \/>\nEditado por la FEAACS<\/p>\n<p>Este libro coloca directamente a cuatros grandes personalidades eclesi\u00e1sticas europeas a caballo entre el siglo XIX y X: Papale\u00f3n XIII, Carednal Miguel Pay\u00e1 y los sacerdotes e historiadores Louis Duchesne y Antonio L\u00f3pez Ferreiro, quienes por medio de sus actos y escritos protagonizan el renacimiento de la peregrinaci\u00f3n a Santiado de Compostela desde la &#8220;Reinventio de 1879&#8221; hsta nuestros d\u00edas.<\/p>\n","protected":false},"excerpt":{"rendered":"<p>156 p\u00e1ginas 17&#215;23,5 cm Editado por la FEAACS Este libro coloca directamente a cuatros grandes personalidades eclesi\u00e1sticas europeas a caballo entre el siglo XIX y X: Papale\u00f3n XIII, Carednal Miguel Pay\u00e1 y los sacerdotes e historiadores Louis Duchesne y Antonio&hellip;<\/p>\n","protected":false},"featured_media":4893,"comment_status":"closed","ping_status":"closed","template":"","meta":[],"product_cat":[71],"product_tag":[],"class_list":{"0":"post-4678","1":"product","2":"type-product","3":"status-publish","4":"has-post-thumbnail","6":"product_cat-libros","7":"product_shipping_class-correos-5","9":"first","10":"instock","11":"shipping-taxable","12":"purchasable","13":"product-type-simple"},"acf":[],"_links":{"self":[{"href":"https:\/\/caminodigital.org\/en\/wp-json\/wp\/v2\/product\/4678","targetHints":{"allow":["GET"]}}],"collection":[{"href":"https:\/\/caminodigital.org\/en\/wp-json\/wp\/v2\/product"}],"about":[{"href":"https:\/\/caminodigital.org\/en\/wp-json\/wp\/v2\/types\/product"}],"replies":[{"embeddable":true,"href":"https:\/\/caminodigital.org\/en\/wp-json\/wp\/v2\/comments?post=4678"}],"wp:featuredmedia":[{"embeddable":true,"href":"https:\/\/caminodigital.org\/en\/wp-json\/wp\/v2\/media\/4893"}],"wp:attachment":[{"href":"https:\/\/caminodigital.org\/en\/wp-json\/wp\/v2\/media?parent=4678"}],"wp:term":[{"taxonomy":"product_cat","embeddable":true,"href":"https:\/\/caminodigital.org\/en\/wp-json\/wp\/v2\/product_cat?post=4678"},{"taxonomy":"product_tag","embeddable":true,"href":"https:\/\/caminodigital.org\/en\/wp-json\/wp\/v2\/product_tag?post=4678"}],"curies":[{"name":"wp","href":"https:\/\/api.w.org\/{rel}","templated":true}]}}