{"id":4680,"date":"2023-03-27T22:25:55","date_gmt":"2023-03-27T22:25:55","guid":{"rendered":"https:\/\/caminodigital.org\/?post_type=product&#038;p=4680"},"modified":"2025-05-07T12:46:03","modified_gmt":"2025-05-07T10:46:03","slug":"peregrinaciones-por-mar-a-compostela","status":"publish","type":"product","link":"https:\/\/caminodigital.org\/en\/producto\/peregrinaciones-por-mar-a-compostela\/","title":{"rendered":"Peregrinaciones por mar a Compostela"},"content":{"rendered":"<p><strong>Autor:<\/strong> Juan Caama\u00f1o Aramburu<br \/>\n<strong>Editado:<\/strong> CEU Ediciones. Colabora: Federaci\u00f3n Espa\u00f1ola de Asociaciones de Amigos del Camino de Santiago<br \/>\n<strong>Edici\u00f3n:<\/strong> 2023<br \/>\n<strong>N\u00ba de p\u00e1ginas:<\/strong> 239<br \/>\n<strong>Tama\u00f1o:<\/strong> 250 x 250 cm.<\/p>\n<p><strong>ISBN:<\/strong> 978-84-19111-71-5<\/p>\n<p>Las peregrinaciones por mar a Santiago de Compostela nos revelan otra forma de peregrinar, diferente de la cl\u00e1sica terrestre cuya imagen m\u00e1s representativa es la del peregrino caminante cruzando las tierras de Europa por m\u00faltiples caminos con direcci\u00f3n a tierras gallegas. Pero hubo otros peregrinos que se vieron en la necesidad de hacer uso del mar como camino para llegar a Galicia, a\u00f1adiendo m\u00e1s incertidumbre al hecho de peregrinar, pues si los caminos por tierra ya ofrec\u00edan sus propias inseguridades, el mar ten\u00eda reservado otros peligros que se un\u00edan a las incomodidades propias de la vida a bordo de un nav\u00edo.<br \/>\nEl peregrino que decid\u00eda embarcarse era fundamentalmente persona de tierra adentro, muy alejado f\u00edsica y mentalmente del mar, motivo que provocaba en su interior un gran desasosiego. Y con ese miedo e inquietud abandonaba su casa el peregrino, que no dejaba de rezar mientras sus pasos se encaminaban al puerto m\u00e1s cercano.<br \/>\nEl autor del libro hace uso de sus conocimientos como estudioso jacobeo, su condici\u00f3n de marino como oficial de la Armada espa\u00f1ola, y sus experiencias de peregrino, para abordar la historia de la peregrinaci\u00f3n mar\u00edtima a Santiago desde diferentes puertos de origen ba\u00f1ados por las aguas del Atl\u00e1ntico, Mar B\u00e1ltico, Mar Cant\u00e1brico o el Mediterr\u00e1neo, hasta su llegada a las costas de la pen\u00ednsula Ib\u00e9rica, desde donde continuaban su peregrinaci\u00f3n por los caminos terrestres.<br \/>\nEn las p\u00e1ginas del libro, el lector podr\u00e1 conocer, adem\u00e1s, los barcos utilizados en diferentes \u00e9pocas, las m\u00faltiples rutas mar\u00edtimas que segu\u00edan, la vida a bordo o los peligros a los que se enfrentaban, as\u00ed como las penurias y alegr\u00edas que les acompa\u00f1aban, y que solo en la mar se pueden vivir y sentir.<\/p>\n","protected":false},"excerpt":{"rendered":"<p>Autor: Juan Caama\u00f1o Aramburu Editado: CEU Ediciones. Colabora: Federaci\u00f3n Espa\u00f1ola de Asociaciones de Amigos del Camino de Santiago Edici\u00f3n: 2023 N\u00ba de p\u00e1ginas: 239 Tama\u00f1o: 250 x 250 cm. ISBN: 978-84-19111-71-5 Las peregrinaciones por mar a Santiago de Compostela nos&hellip;<\/p>\n","protected":false},"featured_media":4894,"comment_status":"closed","ping_status":"closed","template":"","meta":[],"product_cat":[71],"product_tag":[],"class_list":{"0":"post-4680","1":"product","2":"type-product","3":"status-publish","4":"has-post-thumbnail","6":"product_cat-libros","7":"product_shipping_class-correos-10","9":"first","10":"instock","11":"shipping-taxable","12":"purchasable","13":"product-type-simple"},"acf":[],"_links":{"self":[{"href":"https:\/\/caminodigital.org\/en\/wp-json\/wp\/v2\/product\/4680","targetHints":{"allow":["GET"]}}],"collection":[{"href":"https:\/\/caminodigital.org\/en\/wp-json\/wp\/v2\/product"}],"about":[{"href":"https:\/\/caminodigital.org\/en\/wp-json\/wp\/v2\/types\/product"}],"replies":[{"embeddable":true,"href":"https:\/\/caminodigital.org\/en\/wp-json\/wp\/v2\/comments?post=4680"}],"wp:featuredmedia":[{"embeddable":true,"href":"https:\/\/caminodigital.org\/en\/wp-json\/wp\/v2\/media\/4894"}],"wp:attachment":[{"href":"https:\/\/caminodigital.org\/en\/wp-json\/wp\/v2\/media?parent=4680"}],"wp:term":[{"taxonomy":"product_cat","embeddable":true,"href":"https:\/\/caminodigital.org\/en\/wp-json\/wp\/v2\/product_cat?post=4680"},{"taxonomy":"product_tag","embeddable":true,"href":"https:\/\/caminodigital.org\/en\/wp-json\/wp\/v2\/product_tag?post=4680"}],"curies":[{"name":"wp","href":"https:\/\/api.w.org\/{rel}","templated":true}]}}