{"id":4890,"date":"2023-04-01T11:15:36","date_gmt":"2023-04-01T09:15:36","guid":{"rendered":"https:\/\/caminodigital.org\/?post_type=product&#038;p=4890"},"modified":"2025-05-07T13:01:54","modified_gmt":"2025-05-07T11:01:54","slug":"rutas-maritimas-de-peregrinacion-a-santiago","status":"publish","type":"product","link":"https:\/\/caminodigital.org\/en\/producto\/rutas-maritimas-de-peregrinacion-a-santiago\/","title":{"rendered":"Rutas mar\u00edtimas de peregrinaci\u00f3n a Santiago"},"content":{"rendered":"<p>Mapa gu\u00eda de las rutas mar\u00edtimas de peregrinaci\u00f3n a Santiago en Europa a escala 1:7.000.000. Contiene informaci\u00f3n y comentarios en espa\u00f1ol e ingl\u00e9s. 100 x 140cm<br \/>\n<strong>EAN\/ISBN:<\/strong> 9788441656451<br \/>\n<strong>Escala:<\/strong> 1:7000000<br \/>\n<strong>A\u00f1o:<\/strong> 2020<\/p>\n","protected":false},"excerpt":{"rendered":"<p>Mapa gu\u00eda de las rutas mar\u00edtimas de peregrinaci\u00f3n a Santiago en Europa a escala 1:7.000.000. Contiene informaci\u00f3n y comentarios en espa\u00f1ol e ingl\u00e9s. 100 x 140cm EAN\/ISBN: 9788441656451 Escala: 1:7000000 A\u00f1o: 2020<\/p>\n","protected":false},"featured_media":4892,"comment_status":"closed","ping_status":"closed","template":"","meta":[],"product_cat":[66],"product_tag":[],"class_list":{"0":"post-4890","1":"product","2":"type-product","3":"status-publish","4":"has-post-thumbnail","6":"product_cat-cartografia","7":"product_shipping_class-correos-5","9":"first","10":"instock","11":"shipping-taxable","12":"purchasable","13":"product-type-simple"},"acf":[],"_links":{"self":[{"href":"https:\/\/caminodigital.org\/en\/wp-json\/wp\/v2\/product\/4890","targetHints":{"allow":["GET"]}}],"collection":[{"href":"https:\/\/caminodigital.org\/en\/wp-json\/wp\/v2\/product"}],"about":[{"href":"https:\/\/caminodigital.org\/en\/wp-json\/wp\/v2\/types\/product"}],"replies":[{"embeddable":true,"href":"https:\/\/caminodigital.org\/en\/wp-json\/wp\/v2\/comments?post=4890"}],"wp:featuredmedia":[{"embeddable":true,"href":"https:\/\/caminodigital.org\/en\/wp-json\/wp\/v2\/media\/4892"}],"wp:attachment":[{"href":"https:\/\/caminodigital.org\/en\/wp-json\/wp\/v2\/media?parent=4890"}],"wp:term":[{"taxonomy":"product_cat","embeddable":true,"href":"https:\/\/caminodigital.org\/en\/wp-json\/wp\/v2\/product_cat?post=4890"},{"taxonomy":"product_tag","embeddable":true,"href":"https:\/\/caminodigital.org\/en\/wp-json\/wp\/v2\/product_tag?post=4890"}],"curies":[{"name":"wp","href":"https:\/\/api.w.org\/{rel}","templated":true}]}}