{"id":4901,"date":"2023-04-01T22:03:43","date_gmt":"2023-04-01T20:03:43","guid":{"rendered":"https:\/\/caminodigital.org\/?post_type=product&#038;p=4901"},"modified":"2025-05-07T13:00:43","modified_gmt":"2025-05-07T11:00:43","slug":"caminos-de-santiago-en-la-penisula-iberica","status":"publish","type":"product","link":"https:\/\/caminodigital.org\/en\/producto\/caminos-de-santiago-en-la-penisula-iberica\/","title":{"rendered":"Caminos de Santiago en la Pen\u00edsula Ib\u00e9rica"},"content":{"rendered":"<p>Mapa de la P. Ib\u00e9rica 1:1.250.000 sobre fondo topogr\u00e1fico atenuado, representa los distintos Caminos de Santiago recuperados a iniciativa de las asociaciones jacobeas. Dimensiones: 135cm x 88cm<br \/>\n<strong>EAN\/ISBN:<\/strong> 9788441656307<br \/>\n<strong>Escala:<\/strong> 1:1250000<br \/>\n<strong>A\u00f1o:<\/strong> 2019<\/p>\n","protected":false},"excerpt":{"rendered":"<p>Mapa de la P. Ib\u00e9rica 1:1.250.000 sobre fondo topogr\u00e1fico atenuado, representa los distintos Caminos de Santiago recuperados a iniciativa de las asociaciones jacobeas. Dimensiones: 135cm x 88cm EAN\/ISBN: 9788441656307 Escala: 1:1250000 A\u00f1o: 2019<\/p>\n","protected":false},"featured_media":4902,"comment_status":"closed","ping_status":"closed","template":"","meta":[],"product_cat":[66],"product_tag":[78],"class_list":{"0":"post-4901","1":"product","2":"type-product","3":"status-publish","4":"has-post-thumbnail","6":"product_cat-cartografia","7":"product_tag-papel","8":"product_shipping_class-correos-5","10":"first","11":"instock","12":"shipping-taxable","13":"purchasable","14":"product-type-simple"},"acf":[],"_links":{"self":[{"href":"https:\/\/caminodigital.org\/en\/wp-json\/wp\/v2\/product\/4901","targetHints":{"allow":["GET"]}}],"collection":[{"href":"https:\/\/caminodigital.org\/en\/wp-json\/wp\/v2\/product"}],"about":[{"href":"https:\/\/caminodigital.org\/en\/wp-json\/wp\/v2\/types\/product"}],"replies":[{"embeddable":true,"href":"https:\/\/caminodigital.org\/en\/wp-json\/wp\/v2\/comments?post=4901"}],"wp:featuredmedia":[{"embeddable":true,"href":"https:\/\/caminodigital.org\/en\/wp-json\/wp\/v2\/media\/4902"}],"wp:attachment":[{"href":"https:\/\/caminodigital.org\/en\/wp-json\/wp\/v2\/media?parent=4901"}],"wp:term":[{"taxonomy":"product_cat","embeddable":true,"href":"https:\/\/caminodigital.org\/en\/wp-json\/wp\/v2\/product_cat?post=4901"},{"taxonomy":"product_tag","embeddable":true,"href":"https:\/\/caminodigital.org\/en\/wp-json\/wp\/v2\/product_tag?post=4901"}],"curies":[{"name":"wp","href":"https:\/\/api.w.org\/{rel}","templated":true}]}}